{"id":13,"date":"2025-06-06T21:00:02","date_gmt":"2025-06-06T21:00:02","guid":{"rendered":"http:\/\/krolowapolskijanuszkowice.pl\/?page_id=13"},"modified":"2026-01-27T21:08:19","modified_gmt":"2026-01-27T21:08:19","slug":"o-parafii","status":"publish","type":"page","link":"http:\/\/krolowapolskijanuszkowice.pl\/?page_id=13","title":{"rendered":"O parafii"},"content":{"rendered":"<h3>Rzymskokatolicka parafia pw. Naj\u015bwi\u0119tszej Maryi Panny Kr\u00f3lowej Polski<\/h3>\n<h4 class=\"up\">ul. Klonowa 3<br \/>55-095\u00a0Mirk\u00f3w<br \/>tel: 71\/795-33-00<br \/><a href=\"mailto:januszkowice(a)archidiecezja.wroc.pl\">januszkowice@archidiecezja.wroc.pl<\/a><\/h4>\n<h4>konto Bank Sp\u00f3\u0142dzielczy w D\u0142ugo\u0142\u0119ce<\/h4>\n<h4>93 9584 1021 2003 0301 1836 0001<\/h4>\n<h4>W sprawach losowych i pilnych kontakt 882454637<\/h4>\n<h4>Kontakt do Organistki parafialnej, Aleksandry Piwowarskiej 668582858<\/h4>\n<table border=\"0\" cellspacing=\"0\" cellpadding=\"0\">\n<tbody>\n<tr>\n<td align=\"right\" valign=\"top\" width=\"180\"><b>Proboszcz<\/b>:<\/td>\n<td width=\"20\">\u00a0<\/td>\n<td valign=\"top\">Ks. Grzegorz GAC &#8211; ust. 2026<\/td>\n<\/tr>\n<tr>\n<td align=\"right\" valign=\"top\" width=\"180\">\u00a0<\/td>\n<td width=\"20\">\u00a0<\/td>\n<td valign=\"top\">\u00a0<\/td>\n<\/tr>\n<tr>\n<td align=\"right\" valign=\"top\" width=\"180\"><b>Liczba mieszka\u0144c\u00f3w<\/b>:<\/td>\n<td width=\"20\">\u00a0<\/td>\n<td valign=\"top\">1752<\/td>\n<\/tr>\n<tr>\n<td align=\"right\" valign=\"top\" width=\"180\"><b>Ko\u015bci\u00f3\u0142 filialny<\/b>:<\/td>\n<td width=\"20\">\u00a0<\/td>\n<td valign=\"top\">Jaksonowice, pw. Wniebowst\u0105pienia Pa\u0144skiego<\/td>\n<\/tr>\n<tr>\n<td align=\"right\" valign=\"top\" width=\"180\"><b>Kaplica<\/b>:<\/td>\n<td width=\"20\">\u00a0<\/td>\n<td valign=\"top\">Rz\u0119dziszowice (w Pa\u0142acu)<\/td>\n<\/tr>\n<tr>\n<td align=\"right\" valign=\"top\" width=\"180\"><b>Odpust<\/b>:<\/td>\n<td width=\"20\">\u00a0<\/td>\n<td valign=\"top\">3 maja, urocz. Wniebowst\u0105pienia Pana Jezusa<\/td>\n<\/tr>\n<tr>\n<td align=\"right\" valign=\"top\" width=\"180\"><b>Nabo\u017ce\u0144stwo 40-godzinne<\/b>:<\/td>\n<td width=\"20\">\u00a0<\/td>\n<td valign=\"top\">przed \u015arod\u0105 Popielcow\u0105<\/td>\n<\/tr>\n<tr>\n<td align=\"right\" valign=\"top\" width=\"180\"><b>Wieczysta Adoracja<\/b>:<\/td>\n<td width=\"20\">\u00a0<\/td>\n<td valign=\"top\">16 maja<\/td>\n<\/tr>\n<tr>\n<td align=\"right\" valign=\"top\" width=\"180\"><b>Miejscowo\u015bci<\/b>:<\/td>\n<td width=\"20\">\u00a0<\/td>\n<td valign=\"top\">D\u0105browice (2,5 km), Dobrosz\u00f3w (1 km), Jaksonowice (3,5 km), Kopiec (8 km), Mi\u0142onowice (9 km), Rz\u0119dziszowice (9 km), Ska\u0142a (4,5 km), W\u0119gr\u00f3w (7 km)<\/td>\n<\/tr>\n<tr>\n<td align=\"right\" valign=\"top\" width=\"180\"><b>Cmentarz<\/b>:<\/td>\n<td width=\"20\">\u00a0<\/td>\n<td valign=\"top\">Jaksonowice (par.)<\/td>\n<\/tr>\n<tr>\n<td align=\"right\" valign=\"top\" width=\"180\"><b>Erygowanie Parafii<\/b>:<\/td>\n<td width=\"20\">\u00a0<\/td>\n<td valign=\"top\">1977 r.<\/td>\n<\/tr>\n<tr>\n<td align=\"right\" valign=\"top\" width=\"180\"><b>Ksi\u0119gi metrykalne<\/b>:<\/td>\n<td width=\"20\">\u00a0<\/td>\n<td valign=\"top\">od 1974 r.<\/td>\n<\/tr>\n<tr>\n<td align=\"right\" valign=\"top\" width=\"180\"><b>Wsp\u00f3lnoty i Ruchy<\/b>:<\/td>\n<td width=\"20\">\u00a0<\/td>\n<td valign=\"top\">\u017bywy R\u00f3\u017caniec, Rada Parafialna, Liturgiczna S\u0142u\u017cba O\u0142tarza<\/td>\n<\/tr>\n<\/tbody>\n<\/table>\n\n\n<p><\/p>\n","protected":false},"excerpt":{"rendered":"<p>Rzymskokatolicka parafia pw. Naj\u015bwi\u0119tszej Maryi Panny Kr\u00f3lowej Polski ul. Klonowa 355-095\u00a0Mirk\u00f3wtel: 71\/795-33-00januszkowice@archidiecezja.wroc.pl konto Bank Sp\u00f3\u0142dzielczy w D\u0142ugo\u0142\u0119ce 93 9584 1021 2003 0301 1836 0001 W sprawach losowych i pilnych kontakt 882454637 Kontakt do Organistki parafialnej, Aleksandry Piwowarskiej 668582858 Proboszcz: \u00a0 Ks. Grzegorz GAC &#8211; ust. 2026 \u00a0 \u00a0 \u00a0 Liczba mieszka\u0144c\u00f3w: \u00a0 1752 Ko\u015bci\u00f3\u0142 filialny: [&hellip;]<\/p>\n","protected":false},"author":1,"featured_media":0,"parent":0,"menu_order":0,"comment_status":"closed","ping_status":"closed","template":"","meta":{"footnotes":""},"class_list":["post-13","page","type-page","status-publish","hentry","post-preview"],"_links":{"self":[{"href":"http:\/\/krolowapolskijanuszkowice.pl\/index.php?rest_route=\/wp\/v2\/pages\/13","targetHints":{"allow":["GET"]}}],"collection":[{"href":"http:\/\/krolowapolskijanuszkowice.pl\/index.php?rest_route=\/wp\/v2\/pages"}],"about":[{"href":"http:\/\/krolowapolskijanuszkowice.pl\/index.php?rest_route=\/wp\/v2\/types\/page"}],"author":[{"embeddable":true,"href":"http:\/\/krolowapolskijanuszkowice.pl\/index.php?rest_route=\/wp\/v2\/users\/1"}],"replies":[{"embeddable":true,"href":"http:\/\/krolowapolskijanuszkowice.pl\/index.php?rest_route=%2Fwp%2Fv2%2Fcomments&post=13"}],"version-history":[{"count":16,"href":"http:\/\/krolowapolskijanuszkowice.pl\/index.php?rest_route=\/wp\/v2\/pages\/13\/revisions"}],"predecessor-version":[{"id":540,"href":"http:\/\/krolowapolskijanuszkowice.pl\/index.php?rest_route=\/wp\/v2\/pages\/13\/revisions\/540"}],"wp:attachment":[{"href":"http:\/\/krolowapolskijanuszkowice.pl\/index.php?rest_route=%2Fwp%2Fv2%2Fmedia&parent=13"}],"curies":[{"name":"wp","href":"https:\/\/api.w.org\/{rel}","templated":true}]}}